{"id":2165,"date":"2018-11-23T08:27:49","date_gmt":"2018-11-23T11:27:49","guid":{"rendered":"https:\/\/www.apaelondrina.com.br\/?page_id=2165"},"modified":"2018-11-23T08:41:42","modified_gmt":"2018-11-23T11:41:42","slug":"apae-londrina-cancelar-doacao","status":"publish","type":"page","link":"https:\/\/www.apaelondrina.com.br\/?page_id=2165","title":{"rendered":"APAE Londrina &#8211; Cancelar Doa\u00e7\u00e3o"},"content":{"rendered":"<p>[vc_row row_visible=&#8221;&#8221; css=&#8221;.vc_custom_1525115250032{margin-bottom: 81px !important;}&#8221;][vc_column][vc_custom_heading heading_layout=&#8221;custom_heading_2&#8243; text=&#8221;Cancelar Doa\u00e7\u00e3o&#8221; font_container=&#8221;tag:h2|font_size:40px|text_align:center&#8221; google_fonts=&#8221;font_family:brownbold%3Aregular|font_style:400%20Normal%3A400%3Anormal&#8221; line_bottom=&#8221;true&#8221; line_color=&#8221;#1ed670&#8243; css=&#8221;.vc_custom_1542972580506{margin-bottom: 70px !important;}&#8221;][vc_column_text]<\/p>\n<p style=\"text-align: center;\">Solicita\u00e7\u00e3o de cancelamento de doa\u00e7\u00e3o: para cancelar sua doa\u00e7\u00e3o preencha os dados no formul\u00e1rio abaixo, enviaremos um e-mail confirmando o cancelamento. A APAE Londrina agradece!<\/p>\n<p>[\/vc_column_text][\/vc_column][\/vc_row][vc_row full_width=&#8221;stretch_row&#8221; row_visible=&#8221;&#8221; css=&#8221;.vc_custom_1506654514476{padding-bottom: 80px !important;background-color: #f6f5f5 !important;}&#8221;][vc_column]\n<div class=\"wpcf7 no-js\" id=\"wpcf7-f2168-o1\" lang=\"en-US\" dir=\"ltr\">\n<div class=\"screen-reader-response\"><p role=\"status\" aria-live=\"polite\" aria-atomic=\"true\"><\/p> <ul><\/ul><\/div>\n<form action=\"\/index.php?rest_route=%2Fwp%2Fv2%2Fpages%2F2165#wpcf7-f2168-o1\" method=\"post\" class=\"wpcf7-form init\" aria-label=\"Contact form\" novalidate=\"novalidate\" data-status=\"init\">\n<div style=\"display: none;\">\n<input type=\"hidden\" name=\"_wpcf7\" value=\"2168\" \/>\n<input type=\"hidden\" name=\"_wpcf7_version\" value=\"5.9.8\" \/>\n<input type=\"hidden\" name=\"_wpcf7_locale\" value=\"en_US\" \/>\n<input type=\"hidden\" name=\"_wpcf7_unit_tag\" value=\"wpcf7-f2168-o1\" \/>\n<input type=\"hidden\" name=\"_wpcf7_container_post\" value=\"0\" \/>\n<input type=\"hidden\" name=\"_wpcf7_posted_data_hash\" value=\"\" \/>\n<\/div>\n<div class=\"contact-us\">\n\t<h3 class=\"title\">Solicitar cancelamento\n\t<\/h3>\n\t<p class=\"sub-title\">Preencha seus dados aguarde contato para cancelamento da doa\u00e7\u00e3o.\n\t<\/p>\n\t<div class=\"row\">\n\t\t<div class=\"col-xs-12 col-md-4\">\n\t\t\t<p><span class=\"wpcf7-form-control-wrap\" data-name=\"your-name\"><input size=\"40\" maxlength=\"400\" class=\"wpcf7-form-control wpcf7-text wpcf7-validates-as-required name\" id=\"name\" aria-required=\"true\" aria-invalid=\"false\" placeholder=\"Nome*\" value=\"\" type=\"text\" name=\"your-name\" \/><\/span>\n\t\t\t<\/p>\n\t\t<\/div>\n\t\t<div class=\"col-xs-12 col-md-4\">\n\t\t\t<p><span class=\"wpcf7-form-control-wrap\" data-name=\"email\"><input size=\"40\" maxlength=\"400\" class=\"wpcf7-form-control wpcf7-email wpcf7-validates-as-required wpcf7-text wpcf7-validates-as-email email\" id=\"email\" aria-required=\"true\" aria-invalid=\"false\" placeholder=\"E-mail*\" value=\"\" type=\"email\" name=\"email\" \/><\/span>\n\t\t\t<\/p>\n\t\t<\/div>\n\t\t<div class=\"col-xs-12 col-md-4\">\n\t\t\t<p><span class=\"wpcf7-form-control-wrap\" data-name=\"text\"><input size=\"40\" maxlength=\"400\" class=\"wpcf7-form-control wpcf7-text wpcf7-validates-as-required text\" id=\"text\" aria-required=\"true\" aria-invalid=\"false\" placeholder=\"CPF (sem pontos ou espa\u00e7os)*\" value=\"\" type=\"text\" name=\"text\" \/><\/span>\n\t\t\t<\/p>\n\t\t<\/div>\n\t<\/div>\n\t<div class=\"row\">\n\t\t<div class=\"col-xs-12 col-md-4\">\n\t\t\t<p class=\"sub-title\">Selecione abaixo a data inicial\n\t\t\t<\/p>\n\t\t\t<p><span class=\"wpcf7-form-control-wrap\" data-name=\"data-inicial\"><input class=\"wpcf7-form-control wpcf7-date wpcf7-validates-as-required wpcf7-validates-as-date data\" id=\"data-inicial\" aria-required=\"true\" aria-invalid=\"false\" placeholder=\"Data inicial*\" value=\"\" type=\"date\" name=\"data-inicial\" \/><\/span>\n\t\t\t<\/p>\n\t\t<\/div>\n\t\t<div class=\"col-xs-12 col-md-4\">\n\t\t\t<p class=\"sub-title\">Selecione abaixo a data final\n\t\t\t<\/p>\n\t\t\t<p><span class=\"wpcf7-form-control-wrap\" data-name=\"data-final\"><input class=\"wpcf7-form-control wpcf7-date wpcf7-validates-as-required wpcf7-validates-as-date data\" id=\"data-final\" aria-required=\"true\" aria-invalid=\"false\" placeholder=\"Data final*\" value=\"\" type=\"date\" name=\"data-final\" \/><\/span>\n\t\t\t<\/p>\n\t\t<\/div>\n\t<\/div>\n\t<p><input class=\"wpcf7-form-control wpcf7-submit has-spinner sub\" id=\"sub\" type=\"submit\" value=\"Solicitar Cancelamento\" \/>\n\t<\/p>\n<\/div><div class=\"wpcf7-response-output\" aria-hidden=\"true\"><\/div>\n<\/form>\n<\/div>\n[\/vc_column][\/vc_row][vc_row][vc_column][\/vc_column][\/vc_row]<\/p>\n","protected":false},"excerpt":{"rendered":"<p>[vc_row row_visible=&#8221;&#8221; css=&#8221;.vc_custom_1525115250032{margin-bottom: 81px !important;}&#8221;][vc_column][vc_custom_heading heading_layout=&#8221;custom_heading_2&#8243; text=&#8221;Cancelar Doa\u00e7\u00e3o&#8221; font_container=&#8221;tag:h2|font_size:40px|text_align:center&#8221; google_fonts=&#8221;font_family:brownbold%3Aregular|font_style:400%20Normal%3A400%3Anormal&#8221; line_bottom=&#8221;true&#8221; line_color=&#8221;#1ed670&#8243; css=&#8221;.vc_custom_1542972580506{margin-bottom: 70px !important;}&#8221;][vc_column_text] Solicita\u00e7\u00e3o de cancelamento de doa\u00e7\u00e3o: para cancelar sua doa\u00e7\u00e3o preencha os dados no formul\u00e1rio abaixo, enviaremos um e-mail confirmando o cancelamento. A APAE Londrina agradece! [\/vc_column_text][\/vc_column][\/vc_row][vc_row full_width=&#8221;stretch_row&#8221; row_visible=&#8221;&#8221; css=&#8221;.vc_custom_1506654514476{padding-bottom: 80px !important;background-color: #f6f5f5 !important;}&#8221;][vc_column][\/vc_column][\/vc_row][vc_row][vc_column][\/vc_column][\/vc_row]<\/p>\n","protected":false},"author":3,"featured_media":0,"parent":0,"menu_order":0,"comment_status":"closed","ping_status":"closed","template":"","meta":{"_monsterinsights_skip_tracking":false,"_monsterinsights_sitenote_active":false,"_monsterinsights_sitenote_note":"","_monsterinsights_sitenote_category":0,"footnotes":""},"class_list":["post-2165","page","type-page","status-publish","hentry"],"aioseo_notices":[],"_links":{"self":[{"href":"https:\/\/www.apaelondrina.com.br\/index.php?rest_route=\/wp\/v2\/pages\/2165"}],"collection":[{"href":"https:\/\/www.apaelondrina.com.br\/index.php?rest_route=\/wp\/v2\/pages"}],"about":[{"href":"https:\/\/www.apaelondrina.com.br\/index.php?rest_route=\/wp\/v2\/types\/page"}],"author":[{"embeddable":true,"href":"https:\/\/www.apaelondrina.com.br\/index.php?rest_route=\/wp\/v2\/users\/3"}],"replies":[{"embeddable":true,"href":"https:\/\/www.apaelondrina.com.br\/index.php?rest_route=%2Fwp%2Fv2%2Fcomments&post=2165"}],"version-history":[{"count":3,"href":"https:\/\/www.apaelondrina.com.br\/index.php?rest_route=\/wp\/v2\/pages\/2165\/revisions"}],"predecessor-version":[{"id":2169,"href":"https:\/\/www.apaelondrina.com.br\/index.php?rest_route=\/wp\/v2\/pages\/2165\/revisions\/2169"}],"wp:attachment":[{"href":"https:\/\/www.apaelondrina.com.br\/index.php?rest_route=%2Fwp%2Fv2%2Fmedia&parent=2165"}],"curies":[{"name":"wp","href":"https:\/\/api.w.org\/{rel}","templated":true}]}}