{"id":1825,"date":"2018-07-25T13:58:32","date_gmt":"2018-07-25T16:58:32","guid":{"rendered":"https:\/\/www.apaelondrina.com.br\/?page_id=1825"},"modified":"2021-02-08T16:21:57","modified_gmt":"2021-02-08T19:21:57","slug":"apae-londrina-contato","status":"publish","type":"page","link":"https:\/\/www.apaelondrina.com.br\/?page_id=1825","title":{"rendered":"APAE Londrina &#8211; Doa\u00e7\u00e3o"},"content":{"rendered":"<p>[vc_row row_visible=&#8221;&#8221; css=&#8221;.vc_custom_1525115250032{margin-bottom: 81px !important;}&#8221;][vc_column][vc_custom_heading heading_layout=&#8221;custom_heading_2&#8243; text=&#8221;Fa\u00e7a uma doa\u00e7\u00e3o&#8221; font_container=&#8221;tag:h2|font_size:40px|text_align:center&#8221; google_fonts=&#8221;font_family:brownbold%3Aregular|font_style:400%20Normal%3A400%3Anormal&#8221; line_bottom=&#8221;true&#8221; sub_title=&#8221;Cadastre-se no formul\u00e1rio abaixo para que possamos entrar em contato.&#8221; line_color=&#8221;#1ed670&#8243; css=&#8221;.vc_custom_1532537773593{margin-bottom: 70px !important;}&#8221;][\/vc_column][\/vc_row][vc_row row_visible=&#8221;&#8221; css=&#8221;.vc_custom_1532538029581{background-color: #ffffff !important;border-radius: 20px !important;}&#8221;][vc_column][vc_raw_html]JTNDSUZSQU1FJTIwc3JjJTNEJTIyaHR0cHMlM0ElMkYlMkZkb2FjYW8ueGJyYWluLmNvbS5iciUyRmRvZWFnb3JhJTNGdCUzRGVhNjU5YmY1OWEwOWEyZjU0NDY2YzY1YTMyZTI3N2IwJTIyJTIwd2lkdGglM0QlMjIxMDAlMjUlMjIlMjBoZWlnaHQlM0QlMjIxMDMwJTIwc2Nyb2xsaW5nJTNEJTIybm8lMjIlMjBmcmFtZWJvcmRlciUzRCUyMjAlMjIlMjBhbGlnbiUzRCUyMmNlbnRlciUyMiUzRSUzQyUyRklGUkFNRSUzRSUyMA==[\/vc_raw_html][\/vc_column][\/vc_row]<\/p>\n","protected":false},"excerpt":{"rendered":"<p>[vc_row row_visible=&#8221;&#8221; css=&#8221;.vc_custom_1525115250032{margin-bottom: 81px !important;}&#8221;][vc_column][vc_custom_heading heading_layout=&#8221;custom_heading_2&#8243; text=&#8221;Fa\u00e7a uma doa\u00e7\u00e3o&#8221; font_container=&#8221;tag:h2|font_size:40px|text_align:center&#8221; google_fonts=&#8221;font_family:brownbold%3Aregular|font_style:400%20Normal%3A400%3Anormal&#8221; line_bottom=&#8221;true&#8221; sub_title=&#8221;Cadastre-se no formul\u00e1rio abaixo para que possamos entrar em contato.&#8221; line_color=&#8221;#1ed670&#8243; css=&#8221;.vc_custom_1532537773593{margin-bottom: 70px !important;}&#8221;][\/vc_column][\/vc_row][vc_row row_visible=&#8221;&#8221; css=&#8221;.vc_custom_1532538029581{background-color: #ffffff !important;border-radius: 20px !important;}&#8221;][vc_column][vc_raw_html]JTNDSUZSQU1FJTIwc3JjJTNEJTIyaHR0cHMlM0ElMkYlMkZkb2FjYW8ueGJyYWluLmNvbS5iciUyRmRvZWFnb3JhJTNGdCUzRGVhNjU5YmY1OWEwOWEyZjU0NDY2YzY1YTMyZTI3N2IwJTIyJTIwd2lkdGglM0QlMjIxMDAlMjUlMjIlMjBoZWlnaHQlM0QlMjIxMDMwJTIwc2Nyb2xsaW5nJTNEJTIybm8lMjIlMjBmcmFtZWJvcmRlciUzRCUyMjAlMjIlMjBhbGlnbiUzRCUyMmNlbnRlciUyMiUzRSUzQyUyRklGUkFNRSUzRSUyMA==[\/vc_raw_html][\/vc_column][\/vc_row]<\/p>\n","protected":false},"author":3,"featured_media":0,"parent":0,"menu_order":0,"comment_status":"closed","ping_status":"closed","template":"","meta":{"_monsterinsights_skip_tracking":false,"_monsterinsights_sitenote_active":false,"_monsterinsights_sitenote_note":"","_monsterinsights_sitenote_category":0,"footnotes":""},"class_list":["post-1825","page","type-page","status-publish","hentry"],"aioseo_notices":[],"_links":{"self":[{"href":"https:\/\/www.apaelondrina.com.br\/index.php?rest_route=\/wp\/v2\/pages\/1825"}],"collection":[{"href":"https:\/\/www.apaelondrina.com.br\/index.php?rest_route=\/wp\/v2\/pages"}],"about":[{"href":"https:\/\/www.apaelondrina.com.br\/index.php?rest_route=\/wp\/v2\/types\/page"}],"author":[{"embeddable":true,"href":"https:\/\/www.apaelondrina.com.br\/index.php?rest_route=\/wp\/v2\/users\/3"}],"replies":[{"embeddable":true,"href":"https:\/\/www.apaelondrina.com.br\/index.php?rest_route=%2Fwp%2Fv2%2Fcomments&post=1825"}],"version-history":[{"count":8,"href":"https:\/\/www.apaelondrina.com.br\/index.php?rest_route=\/wp\/v2\/pages\/1825\/revisions"}],"predecessor-version":[{"id":2944,"href":"https:\/\/www.apaelondrina.com.br\/index.php?rest_route=\/wp\/v2\/pages\/1825\/revisions\/2944"}],"wp:attachment":[{"href":"https:\/\/www.apaelondrina.com.br\/index.php?rest_route=%2Fwp%2Fv2%2Fmedia&parent=1825"}],"curies":[{"name":"wp","href":"https:\/\/api.w.org\/{rel}","templated":true}]}}