{"id":1094,"date":"2018-04-30T17:26:59","date_gmt":"2018-04-30T20:26:59","guid":{"rendered":"https:\/\/www.apaelondrina.com.br\/?page_id=1094"},"modified":"2018-06-04T09:01:10","modified_gmt":"2018-06-04T12:01:10","slug":"notaparana","status":"publish","type":"page","link":"https:\/\/www.apaelondrina.com.br\/?page_id=1094","title":{"rendered":"APAE Londrina &#8211; Nota Paran\u00e1"},"content":{"rendered":"<p>[vc_row][vc_column]<div class=\"vc-bootstrap-tabs row\">\n\t\n\t<div class=\"col-xs-12 col-sm-12 col-md-4 col-lg-3\">\n\n\t\t<div class=\"wrap-nav\">\n\n\t\t\t<h4>Conte\u00fados<\/h4>\n\t\t\t\n\t\t\t<ul class=\"nav nav-tabs\" role=\"tablist\">\n\n\t\t        \n<li class=\"nav-tab active\">\n\n    <a href=\"#tab-1-1778669209431\" aria-controls=\"tab-1-1778669209431\" role=\"tab\" data-toggle=\"tab\">\n\n        <i class='zmdi-flower-alt'><\/i>Como doar minha nota fiscal?    <\/a>\n<\/li>\n\n<li class=\"nav-tab \">\n\n    <a href=\"#tab-2-1778669209259\" aria-controls=\"tab-2-1778669209259\" role=\"tab\" data-toggle=\"tab\">\n\n        <i class='zmdi-flower-alt'><\/i>Download do aplicativo    <\/a>\n<\/li>\n\n\t\t    <\/ul><!-- Nav tabs -->\n\t    <\/div>\n    <\/div>\n\n    <div class=\"col-xs-12 col-sm-12 col-md-8 col-lg-9\">\n\n\t    <div class=\"tab-content\">\n\n\t        <div role=\"tabpanel\" class=\"tab-pane active\" id=\"tab-1-1778669209431\">[vc_row_inner][vc_column_inner][vc_custom_heading heading_layout=&#8221;custom_heading_1&#8243; text=&#8221;Como doar minha nota fiscal?&#8221; font_container=&#8221;tag:h2|font_size:32px|text_align:left|color:%23000000&#8243; google_fonts=&#8221;font_family:Roboto%3A100%2C100italic%2C300%2C300italic%2Cregular%2Citalic%2C500%2C500italic%2C700%2C700italic%2C900%2C900italic|font_style:500%20bold%20regular%3A500%3Anormal&#8221; css=&#8221;.vc_custom_1528113290795{margin-bottom: 16px !important;}&#8221;][vc_column_text]<\/p>\n<div class=\"vc_tta-panel-body\">\n<div class=\"wpb_text_column wpb_content_element \">\n<div class=\"wpb_wrapper\">Confira o v\u00eddeo e veja como \u00e9 f\u00e1cil ajudar! O Nota Paran\u00e1 \u00e9 um programa de est\u00edmulo \u00e0 cidadania fiscal no Estado do Paran\u00e1, que tem por objetivo incentivar os consumidores a exigirem a entrega do documento fiscal. Agora voc\u00ea pode contribuir com a APAE de Londrina destinando seu cupom ou nota fiscal para a entidade. Acesse <a href=\"https:\/\/l.facebook.com\/l.php?u=http%3A%2F%2Fwww.notaparana.pr.gov.br%2F&amp;h=ATP3xqgJEOOkEUiY9BQRsyvwk1xYUvGZyMS2flaSBxeM-NlOoRNkez4_UHY05PNTw4pRrlebVvA5n97AIPR4w2gqnPBwG6OXN-LoYc-reTx3hu7deh3Fg7jp57qWWR1obSId4Ubm\" target=\"_blank\" rel=\"nofollow noopener\" data-ft=\"{&quot;tn&quot;:&quot;-U&quot;}\" data-lynx-mode=\"asynclazy\">www.notaparana.pr.gov.br<\/a> ou baixe o aplicativo Nota Paran\u00e1 na Google Play ou App Store.<\/div>\n<\/div>\n<\/div>\n<p>[\/vc_column_text][vc_video link=&#8221;https:\/\/youtu.be\/6zF3Gfj6IHM&#8221;][\/vc_column_inner][\/vc_row_inner]<\/div><div role=\"tabpanel\" class=\"tab-pane \" id=\"tab-2-1778669209259\">[vc_row_inner][vc_column_inner][vc_custom_heading heading_layout=&#8221;custom_heading_1&#8243; text=&#8221;Download do aplicativo&#8221; font_container=&#8221;tag:h2|font_size:32px|text_align:left|color:%23000000&#8243; google_fonts=&#8221;font_family:Roboto%3A100%2C100italic%2C300%2C300italic%2Cregular%2Citalic%2C500%2C500italic%2C700%2C700italic%2C900%2C900italic|font_style:500%20bold%20regular%3A500%3Anormal&#8221; css=&#8221;.vc_custom_1528113665191{margin-bottom: 16px !important;}&#8221;][vc_column_text]<\/p>\n<div class=\"vc_tta-panel-body\">\n<div class=\"wpb_text_column wpb_content_element \">\n<div class=\"wpb_wrapper\">\n<p>Download para Android:<br \/>\n<a href=\"https:\/\/play.google.com\/store\/apps\/details?id=br.gov.pr.celepar.sefa.nfparana&amp;hl=pt_BR\">https:\/\/play.google.com\/store\/apps\/details?id=br.gov.pr.celepar.sefa.nfparana&amp;hl=pt_BR<\/a><\/p>\n<p>Download para iOS (iPhone\/iPad)<br \/>\n<a href=\"https:\/\/itunes.apple.com\/br\/app\/nota-paran%C3%A1\/id1042090067?mt=8\">https:\/\/itunes.apple.com\/br\/app\/nota-paran%C3%A1\/id1042090067?mt=8<\/a><\/p>\n<\/div>\n<\/div>\n<\/div>\n<p>[\/vc_column_text][\/vc_column_inner][\/vc_row_inner]<\/div>\n\t    <\/div><!-- Tab panes -->\n    <\/div>\n<\/div>[\/vc_column][\/vc_row]<\/p>\n","protected":false},"excerpt":{"rendered":"<p>[vc_row][vc_column][\/vc_column][\/vc_row]<\/p>\n","protected":false},"author":3,"featured_media":0,"parent":0,"menu_order":0,"comment_status":"closed","ping_status":"closed","template":"","meta":{"_monsterinsights_skip_tracking":false,"_monsterinsights_sitenote_active":false,"_monsterinsights_sitenote_note":"","_monsterinsights_sitenote_category":0,"footnotes":""},"class_list":["post-1094","page","type-page","status-publish","hentry"],"aioseo_notices":[],"_links":{"self":[{"href":"https:\/\/www.apaelondrina.com.br\/index.php?rest_route=\/wp\/v2\/pages\/1094"}],"collection":[{"href":"https:\/\/www.apaelondrina.com.br\/index.php?rest_route=\/wp\/v2\/pages"}],"about":[{"href":"https:\/\/www.apaelondrina.com.br\/index.php?rest_route=\/wp\/v2\/types\/page"}],"author":[{"embeddable":true,"href":"https:\/\/www.apaelondrina.com.br\/index.php?rest_route=\/wp\/v2\/users\/3"}],"replies":[{"embeddable":true,"href":"https:\/\/www.apaelondrina.com.br\/index.php?rest_route=%2Fwp%2Fv2%2Fcomments&post=1094"}],"version-history":[{"count":4,"href":"https:\/\/www.apaelondrina.com.br\/index.php?rest_route=\/wp\/v2\/pages\/1094\/revisions"}],"predecessor-version":[{"id":1482,"href":"https:\/\/www.apaelondrina.com.br\/index.php?rest_route=\/wp\/v2\/pages\/1094\/revisions\/1482"}],"wp:attachment":[{"href":"https:\/\/www.apaelondrina.com.br\/index.php?rest_route=%2Fwp%2Fv2%2Fmedia&parent=1094"}],"curies":[{"name":"wp","href":"https:\/\/api.w.org\/{rel}","templated":true}]}}