{"id":1088,"date":"2018-04-30T16:48:20","date_gmt":"2018-04-30T19:48:20","guid":{"rendered":"https:\/\/www.apaelondrina.com.br\/?page_id=1088"},"modified":"2018-10-24T11:02:28","modified_gmt":"2018-10-24T14:02:28","slug":"empresaamiga","status":"publish","type":"page","link":"https:\/\/www.apaelondrina.com.br\/?page_id=1088","title":{"rendered":"APAE Londrina &#8211; Empresa Amiga da APAE"},"content":{"rendered":"<p>[vc_row][vc_column]<div class=\"vc-bootstrap-tabs row\">\n\t\n\t<div class=\"col-xs-12 col-sm-12 col-md-4 col-lg-3\">\n\n\t\t<div class=\"wrap-nav\">\n\n\t\t\t<h4>Conte\u00fados<\/h4>\n\t\t\t\n\t\t\t<ul class=\"nav nav-tabs\" role=\"tablist\">\n\n\t\t        \n<li class=\"nav-tab active\">\n\n    <a href=\"#tab-1-1777214476880\" aria-controls=\"tab-1-1777214476880\" role=\"tab\" data-toggle=\"tab\">\n\n        <i class='zmdi-flower-alt'><\/i>Como participar?    <\/a>\n<\/li>\n\n<li class=\"nav-tab \">\n\n    <a href=\"#tab-2-1777214476320\" aria-controls=\"tab-2-1777214476320\" role=\"tab\" data-toggle=\"tab\">\n\n        <i class='zmdi-flower-alt'><\/i>Empresas Amigas da APAE    <\/a>\n<\/li>\n\n\t\t    <\/ul><!-- Nav tabs -->\n\t    <\/div>\n    <\/div>\n\n    <div class=\"col-xs-12 col-sm-12 col-md-8 col-lg-9\">\n\n\t    <div class=\"tab-content\">\n\n\t        <div role=\"tabpanel\" class=\"tab-pane active\" id=\"tab-1-1777214476880\">[vc_row_inner][vc_column_inner][vc_custom_heading heading_layout=&#8221;custom_heading_1&#8243; text=&#8221;Como participar?&#8221; font_container=&#8221;tag:h2|font_size:32px|text_align:left|color:%23000000&#8243; google_fonts=&#8221;font_family:Roboto%3A100%2C100italic%2C300%2C300italic%2Cregular%2Citalic%2C500%2C500italic%2C700%2C700italic%2C900%2C900italic|font_style:500%20bold%20regular%3A500%3Anormal&#8221; css=&#8221;.vc_custom_1525110115088{margin-bottom: 16px !important;}&#8221;][vc_column_text]<\/p>\n<div class=\"vc_tta-panel-body\">\n<div class=\"wpb_text_column wpb_content_element \">\n<div class=\"wpb_wrapper\">\n<p>A APAE de Londrina convida sua empresa a participar do projeto \u201cEMPRESA AMIGA DA APAE\u201d. Este \u00e9 um projeto de \u201cMARKETING SOCIAL\u201d que tem como objetivo promover o trabalho da entidade junto \u00e0 comunidade. Al\u00e9m de a empresa contribuir na divulga\u00e7\u00e3o de um trabalho s\u00e9rio e necess\u00e1rio para nossa comunidade, ainda ter\u00e1 o benef\u00edcio da divulga\u00e7\u00e3o de sua marca atrav\u00e9s das campanhas promovidas pela entidade.<\/p>\n<ul>\n<li>A empresa poder\u00e1 utilizar o selo \u201cEmpresa Amiga da APAE\u201d em seus produtos, uniformes e material publicit\u00e1rio.<\/li>\n<li>Sua empresa ser\u00e1 divulgada na cidade atrav\u00e9s de campanha espec\u00edfica.<\/li>\n<li>Publicaremos tamb\u00e9m um logotipo de sua empresa em nosso site.<\/li>\n<\/ul>\n<p>Al\u00e9m de sua empresa abra\u00e7ar uma causa de cunho social, tamb\u00e9m divulgar\u00e1 sua marca a muitas pessoas, aumentando assim seu n\u00famero de clientes.<\/p>\n<p><strong>Transforme sua Empresa\u2026 <\/strong><br \/>\n<strong> \u2026 Adote esta ideia!<\/strong><\/p>\n<p>\u00c9 f\u00e1cil ajudar! Sua empresa participar\u00e1 dos projetos de MARKETING SOCIAL promovidos pela APAE de Londrina e assim ajudar\u00e1 nossa entidade a levar adiante este importante projeto.<\/p>\n<p><strong>Fa\u00e7a a diferen\u00e7a, seja socialmente respons\u00e1vel. Voc\u00ea s\u00f3 tem a ganhar!<\/strong><\/p>\n<p>Saiba como promover sua empresa e ajudar a entidade, entrando em contato conosco. Ligue para (43) 3305-5935 e fale diretamente com a Central de Doa\u00e7\u00f5es da APAE Londrina.<\/p>\n<\/div>\n<\/div>\n<\/div>\n<p>[\/vc_column_text][\/vc_column_inner][\/vc_row_inner]<\/div><div role=\"tabpanel\" class=\"tab-pane \" id=\"tab-2-1777214476320\">[vc_row_inner][vc_column_inner][vc_custom_heading heading_layout=&#8221;custom_heading_1&#8243; text=&#8221;Empresas Amigas da APAE&#8221; font_container=&#8221;tag:h2|font_size:32px|text_align:left|color:%23000000&#8243; google_fonts=&#8221;font_family:Roboto%3A100%2C100italic%2C300%2C300italic%2Cregular%2Citalic%2C500%2C500italic%2C700%2C700italic%2C900%2C900italic|font_style:500%20bold%20regular%3A500%3Anormal&#8221; css=&#8221;.vc_custom_1526924641301{margin-bottom: 16px !important;}&#8221;][vc_empty_space][vc_media_grid grid_id=&#8221;vc_gid:1540389649385-1057a24cbd7e49017864ed19c0f7ed45-0&#8243; include=&#8221;1870,1860,1859,1861,1862,1863,1864,1865,1866,1867,1868,1869&#8243;][\/vc_column_inner][\/vc_row_inner]<\/div>\n\t    <\/div><!-- Tab panes -->\n    <\/div>\n<\/div>[\/vc_column][\/vc_row]<\/p>\n","protected":false},"excerpt":{"rendered":"<p>[vc_row][vc_column][\/vc_column][\/vc_row]<\/p>\n","protected":false},"author":3,"featured_media":0,"parent":0,"menu_order":0,"comment_status":"closed","ping_status":"closed","template":"","meta":{"_monsterinsights_skip_tracking":false,"_monsterinsights_sitenote_active":false,"_monsterinsights_sitenote_note":"","_monsterinsights_sitenote_category":0,"footnotes":""},"class_list":["post-1088","page","type-page","status-publish","hentry"],"aioseo_notices":[],"_links":{"self":[{"href":"https:\/\/www.apaelondrina.com.br\/index.php?rest_route=\/wp\/v2\/pages\/1088"}],"collection":[{"href":"https:\/\/www.apaelondrina.com.br\/index.php?rest_route=\/wp\/v2\/pages"}],"about":[{"href":"https:\/\/www.apaelondrina.com.br\/index.php?rest_route=\/wp\/v2\/types\/page"}],"author":[{"embeddable":true,"href":"https:\/\/www.apaelondrina.com.br\/index.php?rest_route=\/wp\/v2\/users\/3"}],"replies":[{"embeddable":true,"href":"https:\/\/www.apaelondrina.com.br\/index.php?rest_route=%2Fwp%2Fv2%2Fcomments&post=1088"}],"version-history":[{"count":16,"href":"https:\/\/www.apaelondrina.com.br\/index.php?rest_route=\/wp\/v2\/pages\/1088\/revisions"}],"predecessor-version":[{"id":2152,"href":"https:\/\/www.apaelondrina.com.br\/index.php?rest_route=\/wp\/v2\/pages\/1088\/revisions\/2152"}],"wp:attachment":[{"href":"https:\/\/www.apaelondrina.com.br\/index.php?rest_route=%2Fwp%2Fv2%2Fmedia&parent=1088"}],"curies":[{"name":"wp","href":"https:\/\/api.w.org\/{rel}","templated":true}]}}