{"id":1074,"date":"2018-04-30T14:02:01","date_gmt":"2018-04-30T17:02:01","guid":{"rendered":"https:\/\/www.apaelondrina.com.br\/?page_id=1074"},"modified":"2019-04-18T17:05:56","modified_gmt":"2019-04-18T20:05:56","slug":"parceiro","status":"publish","type":"page","link":"https:\/\/www.apaelondrina.com.br\/?page_id=1074","title":{"rendered":"APAE Londrina &#8211; Seja um parceiro"},"content":{"rendered":"<p>[vc_row][vc_column]<div class=\"vc-bootstrap-tabs row\">\n\t\n\t<div class=\"col-xs-12 col-sm-12 col-md-4 col-lg-3\">\n\n\t\t<div class=\"wrap-nav\">\n\n\t\t\t<h4>Conte\u00fados<\/h4>\n\t\t\t\n\t\t\t<ul class=\"nav nav-tabs\" role=\"tablist\">\n\n\t\t        \n<li class=\"nav-tab active\">\n\n    <a href=\"#tab-1-1778669029626\" aria-controls=\"tab-1-1778669029626\" role=\"tab\" data-toggle=\"tab\">\n\n        <i class='zmdi-flower-alt'><\/i>Como participar?    <\/a>\n<\/li>\n\n<li class=\"nav-tab \">\n\n    <a href=\"#tab-2-1778669029896\" aria-controls=\"tab-2-1778669029896\" role=\"tab\" data-toggle=\"tab\">\n\n        <i class='zmdi-flower-alt'><\/i>Conhe\u00e7a nossos parceiros    <\/a>\n<\/li>\n\n\t\t    <\/ul><!-- Nav tabs -->\n\t    <\/div>\n    <\/div>\n\n    <div class=\"col-xs-12 col-sm-12 col-md-8 col-lg-9\">\n\n\t    <div class=\"tab-content\">\n\n\t        <div role=\"tabpanel\" class=\"tab-pane active\" id=\"tab-1-1778669029626\">[vc_row_inner][vc_column_inner][vc_custom_heading heading_layout=&#8221;custom_heading_1&#8243; text=&#8221;Como participar?&#8221; font_container=&#8221;tag:h2|font_size:32px|text_align:left|color:%23000000&#8243; google_fonts=&#8221;font_family:Roboto%3A100%2C100italic%2C300%2C300italic%2Cregular%2Citalic%2C500%2C500italic%2C700%2C700italic%2C900%2C900italic|font_style:500%20bold%20regular%3A500%3Anormal&#8221; css=&#8221;.vc_custom_1525110115088{margin-bottom: 16px !important;}&#8221;][vc_column_text]A contribui\u00e7\u00e3o da sua Empresa faz toda a diferen\u00e7a para que a APAE de Londrina continue trabalhando com o objetivo de que cada pessoa com Defici\u00eancia Intelectual conquiste a sua autonomia e a sua emancipa\u00e7\u00e3o como cidad\u00e3o.<\/p>\n<p><a href=\"https:\/\/www.apaelondrina.com.br\/?page_id=37\">Entre em contato<\/a> com a APAE Londrina para mais informa\u00e7\u00f5es.[\/vc_column_text][\/vc_column_inner][\/vc_row_inner]<\/div><div role=\"tabpanel\" class=\"tab-pane \" id=\"tab-2-1778669029896\">[vc_row_inner][vc_column_inner][vc_custom_heading heading_layout=&#8221;custom_heading_1&#8243; text=&#8221;Conhe\u00e7a nossos parceiros&#8221; font_container=&#8221;tag:h2|font_size:32px|text_align:left|color:%23000000&#8243; google_fonts=&#8221;font_family:Roboto%3A100%2C100italic%2C300%2C300italic%2Cregular%2Citalic%2C500%2C500italic%2C700%2C700italic%2C900%2C900italic|font_style:500%20bold%20regular%3A500%3Anormal&#8221; css=&#8221;.vc_custom_1525110233102{margin-bottom: 16px !important;}&#8221;][vc_empty_space][vc_media_grid grid_id=&#8221;vc_gid:1555617869402-edaf2d94add3e11d2e6c10c081b57bef-9&#8243; include=&#8221;1857,1840,1848,1847,1853,1845,1839,1841,1844,1849,1850,1854,1855,2554&#8243;][\/vc_column_inner][\/vc_row_inner]<\/div>\n\t    <\/div><!-- Tab panes -->\n    <\/div>\n<\/div>[\/vc_column][\/vc_row]<\/p>\n","protected":false},"excerpt":{"rendered":"<p>[vc_row][vc_column][\/vc_column][\/vc_row]<\/p>\n","protected":false},"author":3,"featured_media":0,"parent":0,"menu_order":0,"comment_status":"closed","ping_status":"closed","template":"","meta":{"_monsterinsights_skip_tracking":false,"_monsterinsights_sitenote_active":false,"_monsterinsights_sitenote_note":"","_monsterinsights_sitenote_category":0,"footnotes":""},"class_list":["post-1074","page","type-page","status-publish","hentry"],"aioseo_notices":[],"_links":{"self":[{"href":"https:\/\/www.apaelondrina.com.br\/index.php?rest_route=\/wp\/v2\/pages\/1074"}],"collection":[{"href":"https:\/\/www.apaelondrina.com.br\/index.php?rest_route=\/wp\/v2\/pages"}],"about":[{"href":"https:\/\/www.apaelondrina.com.br\/index.php?rest_route=\/wp\/v2\/types\/page"}],"author":[{"embeddable":true,"href":"https:\/\/www.apaelondrina.com.br\/index.php?rest_route=\/wp\/v2\/users\/3"}],"replies":[{"embeddable":true,"href":"https:\/\/www.apaelondrina.com.br\/index.php?rest_route=%2Fwp%2Fv2%2Fcomments&post=1074"}],"version-history":[{"count":18,"href":"https:\/\/www.apaelondrina.com.br\/index.php?rest_route=\/wp\/v2\/pages\/1074\/revisions"}],"predecessor-version":[{"id":2555,"href":"https:\/\/www.apaelondrina.com.br\/index.php?rest_route=\/wp\/v2\/pages\/1074\/revisions\/2555"}],"wp:attachment":[{"href":"https:\/\/www.apaelondrina.com.br\/index.php?rest_route=%2Fwp%2Fv2%2Fmedia&parent=1074"}],"curies":[{"name":"wp","href":"https:\/\/api.w.org\/{rel}","templated":true}]}}