{"id":1067,"date":"2018-04-30T13:45:24","date_gmt":"2018-04-30T16:45:24","guid":{"rendered":"https:\/\/www.apaelondrina.com.br\/?page_id=1067"},"modified":"2019-05-20T11:27:49","modified_gmt":"2019-05-20T14:27:49","slug":"voluntario","status":"publish","type":"page","link":"https:\/\/www.apaelondrina.com.br\/?page_id=1067","title":{"rendered":"APAE Londrina &#8211; Seja um volunt\u00e1rio"},"content":{"rendered":"<p>[vc_row][vc_column]<div class=\"vc-bootstrap-tabs row\">\n\t\n\t<div class=\"col-xs-12 col-sm-12 col-md-4 col-lg-3\">\n\n\t\t<div class=\"wrap-nav\">\n\n\t\t\t<h4>Conte\u00fados<\/h4>\n\t\t\t\n\t\t\t<ul class=\"nav nav-tabs\" role=\"tablist\">\n\n\t\t        \n<li class=\"nav-tab active\">\n\n    <a href=\"#tab-1-1777895951269\" aria-controls=\"tab-1-1777895951269\" role=\"tab\" data-toggle=\"tab\">\n\n        <i class='zmdi-flower-alt'><\/i>Grupo de Volunt\u00e1rios    <\/a>\n<\/li>\n\n\t\t    <\/ul><!-- Nav tabs -->\n\t    <\/div>\n    <\/div>\n\n    <div class=\"col-xs-12 col-sm-12 col-md-8 col-lg-9\">\n\n\t    <div class=\"tab-content\">\n\n\t        <div role=\"tabpanel\" class=\"tab-pane active\" id=\"tab-1-1777895951269\">[vc_row_inner][vc_column_inner][vc_custom_heading heading_layout=&#8221;custom_heading_1&#8243; text=&#8221;Grupo de Volunt\u00e1rios&#8221; font_container=&#8221;tag:h2|font_size:32px|text_align:left|color:%23000000&#8243; google_fonts=&#8221;font_family:Roboto%3A100%2C100italic%2C300%2C300italic%2Cregular%2Citalic%2C500%2C500italic%2C700%2C700italic%2C900%2C900italic|font_style:500%20bold%20regular%3A500%3Anormal&#8221; css=&#8221;.vc_custom_1525106924450{margin-bottom: 16px !important;}&#8221;][vc_column_text]Atuando desde 1976 como apoio para a Institui\u00e7\u00e3o, este grupo volunt\u00e1rio de senhoras da comunidade londrinense se re\u00fane semanalmente para executar trabalhos manuais e organizar promo\u00e7\u00f5es com o objetivo de angariar fundos que financiem parte das despesas com projetos para os alunos e Festas Escolares, P\u00e1scoa, Dia das Crian\u00e7as e Natal.<\/p>\n<p>Al\u00e9m delas a institui\u00e7\u00e3o contou com pessoas da comunidade, que prestaram algum tipo de trabalho volunt\u00e1rio, seja costurando, dando palestras, cursos, acompanhando turmas em atividades diversas.<\/p>\n<p><a href=\"https:\/\/www.apaelondrina.com.br\/?page_id=37\">Entre em contato<\/a> com a APAE Londrina e saiba como voc\u00ea tamb\u00e9m pode nos ajudar.[\/vc_column_text][\/vc_column_inner][\/vc_row_inner]<\/div>\n\t    <\/div><!-- Tab panes -->\n    <\/div>\n<\/div>[\/vc_column][\/vc_row]<\/p>\n","protected":false},"excerpt":{"rendered":"<p>[vc_row][vc_column][\/vc_column][\/vc_row]<\/p>\n","protected":false},"author":3,"featured_media":0,"parent":0,"menu_order":0,"comment_status":"closed","ping_status":"closed","template":"","meta":{"_monsterinsights_skip_tracking":false,"_monsterinsights_sitenote_active":false,"_monsterinsights_sitenote_note":"","_monsterinsights_sitenote_category":0,"footnotes":""},"class_list":["post-1067","page","type-page","status-publish","hentry"],"aioseo_notices":[],"_links":{"self":[{"href":"https:\/\/www.apaelondrina.com.br\/index.php?rest_route=\/wp\/v2\/pages\/1067"}],"collection":[{"href":"https:\/\/www.apaelondrina.com.br\/index.php?rest_route=\/wp\/v2\/pages"}],"about":[{"href":"https:\/\/www.apaelondrina.com.br\/index.php?rest_route=\/wp\/v2\/types\/page"}],"author":[{"embeddable":true,"href":"https:\/\/www.apaelondrina.com.br\/index.php?rest_route=\/wp\/v2\/users\/3"}],"replies":[{"embeddable":true,"href":"https:\/\/www.apaelondrina.com.br\/index.php?rest_route=%2Fwp%2Fv2%2Fcomments&post=1067"}],"version-history":[{"count":6,"href":"https:\/\/www.apaelondrina.com.br\/index.php?rest_route=\/wp\/v2\/pages\/1067\/revisions"}],"predecessor-version":[{"id":2699,"href":"https:\/\/www.apaelondrina.com.br\/index.php?rest_route=\/wp\/v2\/pages\/1067\/revisions\/2699"}],"wp:attachment":[{"href":"https:\/\/www.apaelondrina.com.br\/index.php?rest_route=%2Fwp%2Fv2%2Fmedia&parent=1067"}],"curies":[{"name":"wp","href":"https:\/\/api.w.org\/{rel}","templated":true}]}}